{"id":22,"date":"2016-05-08T07:02:26","date_gmt":"2016-05-08T07:02:26","guid":{"rendered":"http:\/\/flaset.se.loopiadns.com\/?page_id=22"},"modified":"2023-04-25T14:23:38","modified_gmt":"2023-04-25T14:23:38","slug":"repertoar","status":"publish","type":"page","link":"https:\/\/flaset.se\/?page_id=22","title":{"rendered":"Repertoar"},"content":{"rendered":"\n<h2 class=\"wp-block-heading\">Se h\u00e4r lista p\u00e5 l\u00e5tar, ut\u00f6kas st\u00e4ndigt<\/h2>\n\n\n\n<ul><li>A night in Tunisia<\/li><li>Aint misbehavin<\/li><li>Alexanders Ragtime Band<\/li><li>Alte Kameraden<\/li><li>Att ang\u00f6ra en brygga<\/li><li>Bad romance<\/li><li>Bayerische Polka<\/li><li>Berliner Luft<\/li><li>Bev\u00e4ringsvals fr\u00e5n Backamo<\/li><li>Black orpheus<\/li><li>Bluesette<\/li><li>Brittapolka<\/li><li>Buddy Bolsens Blues<\/li><li>B\u00e5tl\u00e5t<\/li><li>Caravan<\/li><li>Chega de Saudade (No more blues)<\/li><li>Cirkus finemang<\/li><li>Clarinet Marmelade<\/li><li>Colonel Bogey<\/li><li>Cute<\/li><li>Dansen p\u00e5 Sunnan\u00f6<\/li><li>De sista entusiasterna<\/li><li>Den sjuttonde balladen<\/li><li>Din v\u00e5r \u00e4r min v\u00e5r<\/li><li>D&#8217;oro<\/li><li>Du gamla du fria<\/li><li>En g\u00e5ng jag seglar i hamn<\/li><li>Fat Mammy Brown<\/li><li>Flirtige Knut<\/li><li>Florentiner Marsch<\/li><li>Fritiof Anderssons paradmarsch<\/li><li>Fryksdalsdans<\/li><li>F\u00f6r k\u00e4rlekens skull<\/li><li>F\u00f6r lite luft<\/li><li>Gamla stan<\/li><li>General Cedersch\u00f6ld<\/li><li>Gr\u00f6nfinksv\u00e4gens vals<\/li><li>Hey, look me over<\/li><li>H\u00e5ll om varandra<\/li><li>I wish<\/li><li>Isn&#8217;t she lovely<\/li><li>It&#8217;s not unusual<\/li><li>Jag har en liten radiola<\/li><li>Jag ska f\u00e5nga en \u00e4ngel<\/li><li>Jag tror p\u00e5 sommaren<\/li><li>Jag vet ett litet hotell<\/li><li>Jazzbacillen<\/li><li>Johanssons Boogie Woogie vals<\/li><li>Kn\u00e4pp-polkett<\/li><li>Kokosn\u00f6ten<\/li><li>Kom i min famn<\/li><li>Konvaljens avsked<\/li><li>Kronoborgs regementes Marsch<\/li><li>Kun ilta ehtii<\/li><li>Kungliga S\u00f6dermanlands Regementes Marsch<\/li><li>La Cumparsita<\/li><li>Lady Madonna<\/li><li>Lascia Chio Pianga<\/li><li>Lugnt genom stan flyter \u00e5n<\/li><li>Lundbyvalsen<\/li><li>Maxwell silver hammer<\/li><li>Med en enkel tulipan<\/li><li>Min \u00e4lskling du \u00e4r som en ros<\/li><li>Muppet Show Theme<\/li><li>Muskrat Ramble<\/li><li>My way<\/li><li>Naturens overtyr<\/li><li>Nordsj\u00f6n<\/li><li>Nudistpolka<\/li><li>Nya skrytvalsen<\/li><li>N\u00e5gonting att \u00e4ta<\/li><li>Oomph Fah Fah<\/li><li>Papperspolka<\/li><li>Per Aspera ad Astera<\/li><li>Petite Fleur<\/li><li>Polkan g\u00e5r<\/li><li>Putten on the Ritz<\/li><li>P\u00e5 vakt<\/li><li>Rulleboschottis<\/li><li>Rumba i Balders hage<\/li><li>Sakta g\u00e5 hem genom stan<\/li><li>Samba Amor<\/li><li>Schottis fr\u00e5n Gumboda,\u00a0V\u00e4sterbotten efter Siw Burman<\/li><li>Se Sundbyberg och sedan d\u00f6<\/li><li>Serenaden i Pr\u00e4stgatan<\/li><li>Sir Duke<\/li><li>S\u00e4g det med ett leende<\/li><li>Smedstadsparkens vals<\/li><li>Sommarpsalm<\/li><li>Sorgl\u00f6sa brunn<\/li><li>Spelmansvals fr\u00e5n J\u00e4mtland<\/li><li>Stadionmarsch\u00f6<\/li><li>Stockholm blir Stockholm<\/li><li>Stockholm i mitt hj\u00e4rta<\/li><li>Svensk flygarmarsch<\/li><li>S\u00e4g det med ett leende \ud83d\ude42<\/li><li>Ta av dig skorna<\/li><li>Take the A-train<\/li><li>Teddybj\u00f6rnarnas pick-nick<\/li><li>That&#8217;s A Plenty<\/li><li>The Jazz Me Blues<\/li><li>The Stars and Stripes Forever<\/li><li>The things we do for love<\/li><li>The Tubateer Polka<\/li><li>The Wall Street Rag<\/li><li>Till min syster<\/li><li>Tivedshambo<\/li><li>Tjo va de va livat i holken<\/li><li>Tulpaner fr\u00e5n Amsterdam<\/li><li>Tyroler-potpurri<\/li><li>T\u00e4ndsticksparaden<\/li><li>Under bl\u00e5gul fana (swingarr)<\/li><li>Under dubbel\u00f6rnen<\/li><li>Underbart \u00e4r kort<\/li><li>Ut i naturen<\/li><li>Varf\u00f6r \u00e4r det ingen is till punschen?<\/li><li>Vatten<\/li><li>Vi \u00e4r svenska fotbollsgrabbar<\/li><li>Vildkatten<\/li><li>Visa i svensk folkton<\/li><li>Visa vid vindens \u00e4ngar<\/li><li>Viva la vida<\/li><li>V\u00e5rat g\u00e4ng<\/li><li>Wallace and Gromit theme<\/li><li>Washington post<\/li><li>Wave<\/li><li>\u00d6l!<\/li><\/ul>\n\n\n\n<h2 class=\"wp-block-heading\"><strong><span style=\"color: #ff0000;\"><img loading=\"lazy\" decoding=\"async\" class=\"alignnone size-large wp-image-23\" src=\"https:\/\/flaset.se\/wp-content\/uploads\/2016\/05\/image-2-1024x614.jpeg\" alt=\"image\" width=\"474\" height=\"284\" srcset=\"https:\/\/flaset.se\/wp-content\/uploads\/2016\/05\/image-2-1024x614.jpeg 1024w, https:\/\/flaset.se\/wp-content\/uploads\/2016\/05\/image-2-300x180.jpeg 300w, https:\/\/flaset.se\/wp-content\/uploads\/2016\/05\/image-2-768x460.jpeg 768w, https:\/\/flaset.se\/wp-content\/uploads\/2016\/05\/image-2.jpeg 1552w\" sizes=\"(max-width: 474px) 100vw, 474px\" \/><\/span><\/strong><\/h2>\n\n\n\n<h2 class=\"wp-block-heading\"><strong><span style=\"color: #ff0000;\">I juletid spelar vi \u00e4ven f\u00f6ljande alster:<\/span><\/strong><\/h2>\n\n\n\n<ul class=\"has-vivid-red-color has-white-background-color has-text-color has-background\"><li>Advent<\/li><li><span style=\"color: #ff0000;\">All I want for Chrismas is you<\/span><\/li><li><span style=\"color: #ff0000;\">Away in a manger<\/span><\/li><li><span style=\"color: #ff0000;\">Christmas song<\/span><\/li><li><span style=\"color: #ff0000;\">Come all ye faithful<\/span><\/li><li>Der Kleine Kobolt<\/li><li><span style=\"color: #ff0000;\">Dotter Sion<\/span><\/li><li><span style=\"color: #ff0000;\">Jag s\u00e5g mamma kyssa tomten<\/span><\/li><li><span style=\"color: #ff0000;\">Jingle bell rock<\/span><\/li><li>Joy to the World<\/li><li>Jul, jul, str\u00e5lande jul<\/li><li><span style=\"color: #ff0000;\">Knalle Juls vals<\/span><\/li><li>Last Christmas<\/li><li>Maybe this Christmas<\/li><li>N\u00e4r det lider mot jul<\/li><li><span style=\"color: #ff0000;\">Tomtarnas vaktparad<\/span><\/li><li><span style=\"color: #ff0000;\">T\u00e4nd ett ljus<\/span><\/li><li><span style=\"color: #ff0000;\">We wish you a Merry Christmas<\/span><\/li><li><span style=\"color: #ff0000;\">When you wish upon a star<\/span><\/li><li><span style=\"color: #ff0000;\">White Christmas<\/span><\/li><\/ul>\n","protected":false},"excerpt":{"rendered":"<p>Se h\u00e4r lista p\u00e5 l\u00e5tar, ut\u00f6kas st\u00e4ndigt A night in Tunisia Aint misbehavin Alexanders Ragtime Band Alte Kameraden Att ang\u00f6ra en brygga Bad romance Bayerische Polka Berliner Luft Bev\u00e4ringsvals fr\u00e5n Backamo Black orpheus Bluesette Brittapolka Buddy Bolsens Blues B\u00e5tl\u00e5t Caravan Chega de Saudade (No more blues) Cirkus finemang Clarinet Marmelade Colonel Bogey Cute Dansen p\u00e5 [&hellip;]<\/p>\n","protected":false},"author":1,"featured_media":0,"parent":0,"menu_order":4,"comment_status":"closed","ping_status":"closed","template":"","meta":{"footnotes":""},"wppr_data":{"cwp_meta_box_check":"No"},"_links":{"self":[{"href":"https:\/\/flaset.se\/index.php?rest_route=\/wp\/v2\/pages\/22"}],"collection":[{"href":"https:\/\/flaset.se\/index.php?rest_route=\/wp\/v2\/pages"}],"about":[{"href":"https:\/\/flaset.se\/index.php?rest_route=\/wp\/v2\/types\/page"}],"author":[{"embeddable":true,"href":"https:\/\/flaset.se\/index.php?rest_route=\/wp\/v2\/users\/1"}],"replies":[{"embeddable":true,"href":"https:\/\/flaset.se\/index.php?rest_route=%2Fwp%2Fv2%2Fcomments&post=22"}],"version-history":[{"count":16,"href":"https:\/\/flaset.se\/index.php?rest_route=\/wp\/v2\/pages\/22\/revisions"}],"predecessor-version":[{"id":728,"href":"https:\/\/flaset.se\/index.php?rest_route=\/wp\/v2\/pages\/22\/revisions\/728"}],"wp:attachment":[{"href":"https:\/\/flaset.se\/index.php?rest_route=%2Fwp%2Fv2%2Fmedia&parent=22"}],"curies":[{"name":"wp","href":"https:\/\/api.w.org\/{rel}","templated":true}]}}