{"id":319,"date":"2021-03-02T09:58:09","date_gmt":"2021-03-02T09:58:09","guid":{"rendered":"http:\/\/flaset.se.loopiadns.com\/?page_id=319"},"modified":"2023-07-02T14:11:39","modified_gmt":"2023-07-02T14:11:39","slug":"framtradanden-2021","status":"publish","type":"page","link":"https:\/\/flaset.se\/?page_id=319","title":{"rendered":"Framtr\u00e4danden 2023"},"content":{"rendered":"\n<figure class=\"wp-block-table is-style-stripes\"><table><tbody><tr><td>S\u00f6ndag 30 april, kl. 19.30-20.30<\/td><td>Valborgsm\u00e4ssofirande i H\u00f6kar\u00e4ngen<\/td><td><\/td><\/tr><tr><td>L\u00f6rdag 27 maj, kl 16.00 &#8211; 17.00<\/td><td>Hasselbackens tr\u00e4dg\u00e5rd (Bl\u00e5smusikens dag 2023)<\/td><td><\/td><\/tr><tr><td>L\u00f6rdag 3 juni (privat)<\/td><td>Br\u00f6llop<\/td><td><\/td><\/tr><tr><td>Tisdag 6 juni, kl 11-14<\/td><td>H\u00e5gelbyparken, Nationaldagsfirande<\/td><td><\/td><\/tr><tr><td>Onsdag 7 juni, kl 18.00 &#8211; 19.45 <\/td><td>Hasselbackens tr\u00e4dg\u00e5rd  <\/td><td><\/td><\/tr><tr><td>L\u00f6rdag 10 juni, kl 12.00 &#8211; 14.00<\/td><td>Slussen<\/td><td><\/td><\/tr><tr><td>Onsdag 14 juni, kl 18.00 &#8211; 19.45  <\/td><td>Hasselbackens tr\u00e4dg\u00e5rd   <\/td><td><\/td><\/tr><tr><td>S\u00f6ndag 18 juni, kl 14.00 \u2013 16.00<\/td><td><s>Konditori Lyran<\/s> Inst\u00e4llt p g a regnv\u00e4der<\/td><td><\/td><\/tr><tr><td>S\u00f6ndag 27 augusti, kl 14.00 -16.00<\/td><td>Konditori Lyran<\/td><td><\/td><\/tr><tr><td>L\u00f6rdag 25 november, kl 13.00<\/td><td>Stockholmsgillets julmarknad \u00e5 Stortorget<\/td><\/tr><tr><td>S\u00f6ndag 10 december, kl 15.00<\/td><td>Adventskonsert, \u00c5rsta Folkets Hus<\/td><td><\/td><\/tr><\/tbody><\/table><\/figure>\n\n\n\n<p><\/p>\n\n\n\n<p><\/p>\n","protected":false},"excerpt":{"rendered":"<p>S\u00f6ndag 30 april, kl. 19.30-20.30 Valborgsm\u00e4ssofirande i H\u00f6kar\u00e4ngen L\u00f6rdag 27 maj, kl 16.00 &#8211; 17.00 Hasselbackens tr\u00e4dg\u00e5rd (Bl\u00e5smusikens dag 2023) L\u00f6rdag 3 juni (privat) Br\u00f6llop Tisdag 6 juni, kl 11-14 H\u00e5gelbyparken, Nationaldagsfirande Onsdag 7 juni, kl 18.00 &#8211; 19.45 Hasselbackens tr\u00e4dg\u00e5rd L\u00f6rdag 10 juni, kl 12.00 &#8211; 14.00 Slussen Onsdag 14 juni, kl 18.00 &#8211; [&hellip;]<\/p>\n","protected":false},"author":4,"featured_media":0,"parent":0,"menu_order":0,"comment_status":"closed","ping_status":"closed","template":"","meta":{"footnotes":""},"wppr_data":{"cwp_meta_box_check":"No"},"_links":{"self":[{"href":"https:\/\/flaset.se\/index.php?rest_route=\/wp\/v2\/pages\/319"}],"collection":[{"href":"https:\/\/flaset.se\/index.php?rest_route=\/wp\/v2\/pages"}],"about":[{"href":"https:\/\/flaset.se\/index.php?rest_route=\/wp\/v2\/types\/page"}],"author":[{"embeddable":true,"href":"https:\/\/flaset.se\/index.php?rest_route=\/wp\/v2\/users\/4"}],"replies":[{"embeddable":true,"href":"https:\/\/flaset.se\/index.php?rest_route=%2Fwp%2Fv2%2Fcomments&post=319"}],"version-history":[{"count":15,"href":"https:\/\/flaset.se\/index.php?rest_route=\/wp\/v2\/pages\/319\/revisions"}],"predecessor-version":[{"id":743,"href":"https:\/\/flaset.se\/index.php?rest_route=\/wp\/v2\/pages\/319\/revisions\/743"}],"wp:attachment":[{"href":"https:\/\/flaset.se\/index.php?rest_route=%2Fwp%2Fv2%2Fmedia&parent=319"}],"curies":[{"name":"wp","href":"https:\/\/api.w.org\/{rel}","templated":true}]}}