{"id":394,"date":"2022-01-02T20:15:57","date_gmt":"2022-01-02T20:15:57","guid":{"rendered":"http:\/\/flaset.se.loopiadns.com\/?page_id=394"},"modified":"2022-11-03T08:20:46","modified_gmt":"2022-11-03T08:20:46","slug":"framtradanden-2022","status":"publish","type":"page","link":"https:\/\/flaset.se\/?page_id=394","title":{"rendered":"Framtr\u00e4danden 2022"},"content":{"rendered":"\n<figure class=\"wp-block-table is-style-regular\"><table><tbody><tr><td><strong>Datum<\/strong><\/td><td><strong>Klockslag<\/strong><\/td><td><strong>Plats \/ Evenemang<\/strong><\/td><\/tr><tr><td>L\u00f6rdag 26 mars<\/td><td>Hela dagen<\/td><td>Foaj\u00e9musik vid Povel Ramel jubileumskonsert p\u00e5 M\u00fcnchenbryggeriet<\/td><\/tr><tr><td>L\u00f6rdag 30 april<\/td><td>19.30-20.30<\/td><td>Valborgsm\u00e4ssofirande i H\u00f6kar\u00e4ngen<\/td><\/tr><tr><td>Onsdag 1 juni<\/td><td>19.00-19.45<\/td><td>Povel Ramel 100 \u00e5r. Konsert p\u00e5 Stortorget, Gamla Stan<\/td><\/tr><tr><td>L\u00f6rdag 4 juni<\/td><td>15.30-16.15<\/td><td>Festival i K\u00e4rrtorp. <\/td><\/tr><tr><td>M\u00e5ndag 6 juni<\/td><td>11.00-14.00<\/td><td>Nationaldagsfirande i H\u00e5gelbyparken<\/td><\/tr><tr><td>L\u00f6rdag 11 juni<\/td><td>11.00-15.00<\/td><td>Slussen \/ Stadsmuseet. Fl\u00e5set spelar p\u00e5 event som staden ordnar<\/td><\/tr><tr><td>S\u00f6ndag 12 juni<\/td><td>14.00-16.00<\/td><td>Konditori Lyran<\/td><\/tr><tr><td>S\u00f6ndag 21 augusti<\/td><td>14.00-16.00<\/td><td>Konditori Lyran<\/td><\/tr><tr><td>L\u00f6rdag 19 november<\/td><td>12.45-14.00<\/td><td>Stortorgets julmarknad<\/td><\/tr><tr><td>S\u00f6ndag 4 december<\/td><td>15.00-16.00<\/td><td>Julkonsert i Markuskyrkan (Bj\u00f6rkhagen)<\/td><\/tr><\/tbody><\/table><figcaption>Framtr\u00e4danden 2022<\/figcaption><\/figure>\n\n\n\n<p><\/p>\n","protected":false},"excerpt":{"rendered":"<p>Datum Klockslag Plats \/ Evenemang L\u00f6rdag 26 mars Hela dagen Foaj\u00e9musik vid Povel Ramel jubileumskonsert p\u00e5 M\u00fcnchenbryggeriet L\u00f6rdag 30 april 19.30-20.30 Valborgsm\u00e4ssofirande i H\u00f6kar\u00e4ngen Onsdag 1 juni 19.00-19.45 Povel Ramel 100 \u00e5r. Konsert p\u00e5 Stortorget, Gamla Stan L\u00f6rdag 4 juni 15.30-16.15 Festival i K\u00e4rrtorp. M\u00e5ndag 6 juni 11.00-14.00 Nationaldagsfirande i H\u00e5gelbyparken L\u00f6rdag 11 juni 11.00-15.00 [&hellip;]<\/p>\n","protected":false},"author":4,"featured_media":0,"parent":0,"menu_order":0,"comment_status":"closed","ping_status":"closed","template":"","meta":{"footnotes":""},"wppr_data":{"cwp_meta_box_check":"No"},"_links":{"self":[{"href":"https:\/\/flaset.se\/index.php?rest_route=\/wp\/v2\/pages\/394"}],"collection":[{"href":"https:\/\/flaset.se\/index.php?rest_route=\/wp\/v2\/pages"}],"about":[{"href":"https:\/\/flaset.se\/index.php?rest_route=\/wp\/v2\/types\/page"}],"author":[{"embeddable":true,"href":"https:\/\/flaset.se\/index.php?rest_route=\/wp\/v2\/users\/4"}],"replies":[{"embeddable":true,"href":"https:\/\/flaset.se\/index.php?rest_route=%2Fwp%2Fv2%2Fcomments&post=394"}],"version-history":[{"count":8,"href":"https:\/\/flaset.se\/index.php?rest_route=\/wp\/v2\/pages\/394\/revisions"}],"predecessor-version":[{"id":652,"href":"https:\/\/flaset.se\/index.php?rest_route=\/wp\/v2\/pages\/394\/revisions\/652"}],"wp:attachment":[{"href":"https:\/\/flaset.se\/index.php?rest_route=%2Fwp%2Fv2%2Fmedia&parent=394"}],"curies":[{"name":"wp","href":"https:\/\/api.w.org\/{rel}","templated":true}]}}