{"id":53,"date":"2016-06-17T13:37:40","date_gmt":"2016-06-17T13:37:40","guid":{"rendered":"http:\/\/flaset.se.loopiadns.com\/?page_id=53"},"modified":"2023-07-02T14:13:04","modified_gmt":"2023-07-02T14:13:04","slug":"boka-spelning","status":"publish","type":"page","link":"https:\/\/flaset.se\/?page_id=53","title":{"rendered":"Boka spelning"},"content":{"rendered":"<p>Om du \u00e4r intresserad av att boka bandet kontakta v\u00e5r kapellm\u00e4stare.<\/p>\n<p>Kapellm\u00e4stare:<br \/>\nAnders Stefansson<br \/>\nSkattm\u00e4starv\u00e4gen 11<br \/>\n121 34 Enskededalen<\/p>\n<p>Tel: 073-635 1235<\/p>\n<p>Mail: stefansson.anders@gmail.com<\/p>\n<!--[if lt IE 9]><script>document.createElement('audio');<\/script><![endif]-->\n<audio class=\"wp-audio-shortcode\" id=\"audio-53-1\" preload=\"none\" style=\"width: 100%;\" controls=\"controls\"><source type=\"audio\/mpeg\" src=\"https:\/\/flaset.se\/wp-content\/uploads\/2016\/06\/tre.mp3?_=1\" \/><a href=\"https:\/\/flaset.se\/wp-content\/uploads\/2016\/06\/tre.mp3\">https:\/\/flaset.se\/wp-content\/uploads\/2016\/06\/tre.mp3<\/a><\/audio>\n<audio class=\"wp-audio-shortcode\" id=\"audio-53-2\" preload=\"none\" style=\"width: 100%;\" controls=\"controls\"><source type=\"audio\/mpeg\" src=\"https:\/\/flaset.se\/wp-content\/uploads\/2016\/06\/tva.mp3?_=2\" \/><a href=\"https:\/\/flaset.se\/wp-content\/uploads\/2016\/06\/tva.mp3\">https:\/\/flaset.se\/wp-content\/uploads\/2016\/06\/tva.mp3<\/a><\/audio>\n","protected":false},"excerpt":{"rendered":"<p>Om du \u00e4r intresserad av att boka bandet kontakta v\u00e5r kapellm\u00e4stare. Kapellm\u00e4stare: Anders Stefansson Skattm\u00e4starv\u00e4gen 11 121 34 Enskededalen Tel: 073-635 1235 Mail: stefansson.anders@gmail.com<\/p>\n","protected":false},"author":1,"featured_media":0,"parent":0,"menu_order":1,"comment_status":"closed","ping_status":"closed","template":"","meta":{"footnotes":""},"wppr_data":{"cwp_meta_box_check":"No"},"_links":{"self":[{"href":"https:\/\/flaset.se\/index.php?rest_route=\/wp\/v2\/pages\/53"}],"collection":[{"href":"https:\/\/flaset.se\/index.php?rest_route=\/wp\/v2\/pages"}],"about":[{"href":"https:\/\/flaset.se\/index.php?rest_route=\/wp\/v2\/types\/page"}],"author":[{"embeddable":true,"href":"https:\/\/flaset.se\/index.php?rest_route=\/wp\/v2\/users\/1"}],"replies":[{"embeddable":true,"href":"https:\/\/flaset.se\/index.php?rest_route=%2Fwp%2Fv2%2Fcomments&post=53"}],"version-history":[{"count":7,"href":"https:\/\/flaset.se\/index.php?rest_route=\/wp\/v2\/pages\/53\/revisions"}],"predecessor-version":[{"id":745,"href":"https:\/\/flaset.se\/index.php?rest_route=\/wp\/v2\/pages\/53\/revisions\/745"}],"wp:attachment":[{"href":"https:\/\/flaset.se\/index.php?rest_route=%2Fwp%2Fv2%2Fmedia&parent=53"}],"curies":[{"name":"wp","href":"https:\/\/api.w.org\/{rel}","templated":true}]}}