{"id":805,"date":"2025-04-01T11:45:56","date_gmt":"2025-04-01T11:45:56","guid":{"rendered":"https:\/\/flaset.se\/?page_id=805"},"modified":"2025-12-03T16:09:36","modified_gmt":"2025-12-03T16:09:36","slug":"framtradanden-2025-delvis-preliminart","status":"publish","type":"page","link":"https:\/\/flaset.se\/?page_id=805","title":{"rendered":"Framtr\u00e4danden 2025"},"content":{"rendered":"\n<figure class=\"wp-block-table\"><table><tbody><tr><td>Onsdag 30 april, kl 20<\/td><td>H\u00f6kar\u00e4ngen, Valborgsm\u00e4ssofirande<\/td><\/tr><tr><td>L\u00f6rdag 24 maj, kl 12 <\/td><td>Bl\u00e5smusikfestival i Sickla (Bl\u00e5smusikens dag)<\/td><\/tr><tr><td>Fredag 6 juni, kl 11 &#8211; 14<\/td><td>Nationaldagsfirande i H\u00e5gelbyparken<\/td><\/tr><tr><td>S\u00f6ndag 15 juni, kl 14 &#8211; 16<\/td><td>Caf\u00e9 Lyran, Bred\u00e4ng<\/td><\/tr><tr><td>S\u00f6ndag 24 augusti, kl 14 &#8211; 16<\/td><td>Caf\u00e9 Lyran, Bred\u00e4ng<\/td><\/tr><tr><td>L\u00f6rdag 22 november, kl 13<\/td><td>Stortorgets julmarknad, Gamla Stan<\/td><\/tr><tr><td>S\u00f6ndag 7 december, kl 11-12<\/td><td>Stockholm Santa Run, J\u00e4rntorget (Gamla Stan)<\/td><\/tr><tr><td>Fredag 12 december, kl 07.45<\/td><td>Luciamorgon, Slussen (mot bussterminalen)<\/td><\/tr><\/tbody><\/table><\/figure>\n","protected":false},"excerpt":{"rendered":"<p>Onsdag 30 april, kl 20 H\u00f6kar\u00e4ngen, Valborgsm\u00e4ssofirande L\u00f6rdag 24 maj, kl 12 Bl\u00e5smusikfestival i Sickla (Bl\u00e5smusikens dag) Fredag 6 juni, kl 11 &#8211; 14 Nationaldagsfirande i H\u00e5gelbyparken S\u00f6ndag 15 juni, kl 14 &#8211; 16 Caf\u00e9 Lyran, Bred\u00e4ng S\u00f6ndag 24 augusti, kl 14 &#8211; 16 Caf\u00e9 Lyran, Bred\u00e4ng L\u00f6rdag 22 november, kl 13 Stortorgets julmarknad, Gamla [&hellip;]<\/p>\n","protected":false},"author":3,"featured_media":0,"parent":0,"menu_order":0,"comment_status":"closed","ping_status":"closed","template":"","meta":{"footnotes":""},"wppr_data":[],"_links":{"self":[{"href":"https:\/\/flaset.se\/index.php?rest_route=\/wp\/v2\/pages\/805"}],"collection":[{"href":"https:\/\/flaset.se\/index.php?rest_route=\/wp\/v2\/pages"}],"about":[{"href":"https:\/\/flaset.se\/index.php?rest_route=\/wp\/v2\/types\/page"}],"author":[{"embeddable":true,"href":"https:\/\/flaset.se\/index.php?rest_route=\/wp\/v2\/users\/3"}],"replies":[{"embeddable":true,"href":"https:\/\/flaset.se\/index.php?rest_route=%2Fwp%2Fv2%2Fcomments&post=805"}],"version-history":[{"count":3,"href":"https:\/\/flaset.se\/index.php?rest_route=\/wp\/v2\/pages\/805\/revisions"}],"predecessor-version":[{"id":813,"href":"https:\/\/flaset.se\/index.php?rest_route=\/wp\/v2\/pages\/805\/revisions\/813"}],"wp:attachment":[{"href":"https:\/\/flaset.se\/index.php?rest_route=%2Fwp%2Fv2%2Fmedia&parent=805"}],"curies":[{"name":"wp","href":"https:\/\/api.w.org\/{rel}","templated":true}]}}