{"id":821,"date":"2026-05-11T08:19:06","date_gmt":"2026-05-11T08:19:06","guid":{"rendered":"https:\/\/flaset.se\/?page_id=821"},"modified":"2026-05-11T08:21:34","modified_gmt":"2026-05-11T08:21:34","slug":"framtradanden-2026","status":"publish","type":"page","link":"https:\/\/flaset.se\/?page_id=821","title":{"rendered":"Framtr\u00e4danden 2026"},"content":{"rendered":"\n<figure class=\"wp-block-table\"><table><tbody><tr><td>Torsdag 30 april 19.50-20.45<\/td><td>H\u00f6kar\u00e4ngen, Valborgsm\u00e4ssofirande<\/td><\/tr><tr><td>L\u00f6rdag 23 maj 12.30-13.30<\/td><td>Bl\u00e5smusikens dag \u2013 Sickla \/ Nobelberget Marknad<\/td><\/tr><tr><td>S\u00f6ndag 24 maj 11.00-13.00<\/td><td>\u00c5rsta koloniomr\u00e5de, v\u00e5rmarknad<\/td><\/tr><tr><td>L\u00f6rdag 30 maj 12.40-14.20<\/td><td>Stockholm Maraton, Djurg\u00e5rden<\/td><\/tr><tr><td>L\u00f6rdag 6 juni 11.00-11.30<\/td><td>Slussendagen, invigning<\/td><\/tr><tr><td>L\u00f6rdag 6 juni 13.00-14.00<\/td><td>Tantolunden, Nationaldagsfirande<\/td><\/tr><tr><td>S\u00f6ndag 7 juni 15.00-17.00<\/td><td>Konditori Lyran<\/td><\/tr><tr><td>S\u00f6ndag 23 augusti 15.00-17.00<\/td><td>Konditori Lyran<\/td><\/tr><tr><td>S\u00f6ndag 6 september 11.00-13.00<\/td><td>\u00c5rsta koloniomr\u00e5de, h\u00f6stmarknad<\/td><\/tr><tr><td>L\u00f6rdag 21 november 12.45-13.45<\/td><td>Stortorgets julmarknad<\/td><\/tr><tr><td>S\u00f6ndag 6 december 12.00-13.00<\/td><td>Stockholm Santa Run<\/td><\/tr><tr><td>Fredag 11 december 07.45-08.45<\/td><td>Slussen, Luciamorgon<\/td><\/tr><\/tbody><\/table><\/figure>\n","protected":false},"excerpt":{"rendered":"<p>Torsdag 30 april 19.50-20.45 H\u00f6kar\u00e4ngen, Valborgsm\u00e4ssofirande L\u00f6rdag 23 maj 12.30-13.30 Bl\u00e5smusikens dag \u2013 Sickla \/ Nobelberget Marknad S\u00f6ndag 24 maj 11.00-13.00 \u00c5rsta koloniomr\u00e5de, v\u00e5rmarknad L\u00f6rdag 30 maj 12.40-14.20 Stockholm Maraton, Djurg\u00e5rden L\u00f6rdag 6 juni 11.00-11.30 Slussendagen, invigning L\u00f6rdag 6 juni 13.00-14.00 Tantolunden, Nationaldagsfirande S\u00f6ndag 7 juni 15.00-17.00 Konditori Lyran S\u00f6ndag 23 augusti 15.00-17.00 Konditori Lyran [&hellip;]<\/p>\n","protected":false},"author":5,"featured_media":0,"parent":0,"menu_order":0,"comment_status":"closed","ping_status":"closed","template":"","meta":{"footnotes":""},"wppr_data":[],"_links":{"self":[{"href":"https:\/\/flaset.se\/index.php?rest_route=\/wp\/v2\/pages\/821"}],"collection":[{"href":"https:\/\/flaset.se\/index.php?rest_route=\/wp\/v2\/pages"}],"about":[{"href":"https:\/\/flaset.se\/index.php?rest_route=\/wp\/v2\/types\/page"}],"author":[{"embeddable":true,"href":"https:\/\/flaset.se\/index.php?rest_route=\/wp\/v2\/users\/5"}],"replies":[{"embeddable":true,"href":"https:\/\/flaset.se\/index.php?rest_route=%2Fwp%2Fv2%2Fcomments&post=821"}],"version-history":[{"count":2,"href":"https:\/\/flaset.se\/index.php?rest_route=\/wp\/v2\/pages\/821\/revisions"}],"predecessor-version":[{"id":824,"href":"https:\/\/flaset.se\/index.php?rest_route=\/wp\/v2\/pages\/821\/revisions\/824"}],"wp:attachment":[{"href":"https:\/\/flaset.se\/index.php?rest_route=%2Fwp%2Fv2%2Fmedia&parent=821"}],"curies":[{"name":"wp","href":"https:\/\/api.w.org\/{rel}","templated":true}]}}